{"id":100,"date":"2012-02-12T22:23:52","date_gmt":"2012-02-12T20:23:52","guid":{"rendered":"http:\/\/www.liepaja.adventisti.lv\/?page_id=100"},"modified":"2019-08-13T14:36:55","modified_gmt":"2019-08-13T11:36:55","slug":"dievkalpojumi","status":"publish","type":"page","link":"http:\/\/www.liepaja.adventisti.lv\/?page_id=100","title":{"rendered":"Dievkalpojumi"},"content":{"rendered":"<p>Dievkalpojumi notiek\u00a0<strong>katru sestdienu plkst.11:00<\/strong><\/p>\n<p>Ar dievkalpojuma norisi varat iepaz\u012bties buklet\u0101, kuru sa\u0146emsiet ierodoties pie mums.\u00a0Ja jums ir nepiecie\u0161ams tulkojums krievu valod\u0101, pirms dievkalpojuma run\u0101jiet ar z\u0101les diakoniem.<\/p>\n<p>&nbsp;<\/p>\n<p>P\u0113c dievkalpojuma j\u016bs varat piedal\u012bties<strong> B\u012bbeles\u00a0izp\u0113tes nodarb\u012bb\u0101.\u00a0<\/strong>B\u012bbeles izp\u0113te notiek draudzes mazaj\u0101 z\u0101l\u0113, tiek apskat\u012bta un p\u0101rrun\u0101ta nodarb\u012bbas t\u0113ma, iesp\u0113ja baud\u012bt t\u0113ju un uzkodas.<\/p>\n<p>&nbsp;<\/p>\n","protected":false},"excerpt":{"rendered":"<p>Dievkalpojumi notiek\u00a0katru sestdienu plkst.11:00 Ar dievkalpojuma norisi varat iepaz\u012bties buklet\u0101, kuru sa\u0146emsiet ierodoties pie mums.\u00a0Ja jums ir nepiecie\u0161ams tulkojums krievu valod\u0101, pirms dievkalpojuma run\u0101jiet ar z\u0101les diakoniem. &nbsp; P\u0113c dievkalpojuma j\u016bs varat piedal\u012bties B\u012bbeles\u00a0izp\u0113tes nodarb\u012bb\u0101.\u00a0B\u012bbeles izp\u0113te notiek draudzes mazaj\u0101 z\u0101l\u0113, tiek apskat\u012bta un p\u0101rrun\u0101ta nodarb\u012bbas t\u0113ma, iesp\u0113ja baud\u012bt t\u0113ju un uzkodas. &nbsp;<\/p>\n","protected":false},"author":1,"featured_media":0,"parent":0,"menu_order":0,"comment_status":"open","ping_status":"open","template":"","meta":{"footnotes":""},"_links":{"self":[{"href":"http:\/\/www.liepaja.adventisti.lv\/index.php?rest_route=\/wp\/v2\/pages\/100"}],"collection":[{"href":"http:\/\/www.liepaja.adventisti.lv\/index.php?rest_route=\/wp\/v2\/pages"}],"about":[{"href":"http:\/\/www.liepaja.adventisti.lv\/index.php?rest_route=\/wp\/v2\/types\/page"}],"author":[{"embeddable":true,"href":"http:\/\/www.liepaja.adventisti.lv\/index.php?rest_route=\/wp\/v2\/users\/1"}],"replies":[{"embeddable":true,"href":"http:\/\/www.liepaja.adventisti.lv\/index.php?rest_route=%2Fwp%2Fv2%2Fcomments&post=100"}],"version-history":[{"count":13,"href":"http:\/\/www.liepaja.adventisti.lv\/index.php?rest_route=\/wp\/v2\/pages\/100\/revisions"}],"predecessor-version":[{"id":1412,"href":"http:\/\/www.liepaja.adventisti.lv\/index.php?rest_route=\/wp\/v2\/pages\/100\/revisions\/1412"}],"wp:attachment":[{"href":"http:\/\/www.liepaja.adventisti.lv\/index.php?rest_route=%2Fwp%2Fv2%2Fmedia&parent=100"}],"curies":[{"name":"wp","href":"https:\/\/api.w.org\/{rel}","templated":true}]}}