{"id":81,"date":"2012-02-12T21:57:01","date_gmt":"2012-02-12T19:57:01","guid":{"rendered":"http:\/\/www.liepaja.adventisti.lv\/?page_id=81"},"modified":"2012-02-12T21:58:09","modified_gmt":"2012-02-12T19:58:09","slug":"ka-mus-atrast","status":"publish","type":"page","link":"http:\/\/www.liepaja.adventisti.lv\/?page_id=81","title":{"rendered":"K\u0101 m\u016bs atrast?"},"content":{"rendered":"<p><strong>M\u016bsu adrese: Uliha iela 70, Liep\u0101ja<\/strong><\/p>\n<p><iframe loading=\"lazy\" src=\"http:\/\/maps.google.com\/maps\/ms?ie=UTF8&amp;hl=lv&amp;msa=0&amp;msid=107153152936008501989.00047f51acd1546481f0e&amp;ll=56.501805,21.002941&amp;spn=0.011274,0.029097&amp;output=embed\" frameborder=\"0\" marginwidth=\"0\" marginheight=\"0\" scrolling=\"no\" width=\"425\" height=\"350\"><\/iframe><\/p>\n<p><small>Skat\u012bt <a href=\"http:\/\/maps.google.com\/maps\/ms?ie=UTF8&amp;hl=lv&amp;msa=0&amp;msid=107153152936008501989.00047f51acd1546481f0e&amp;ll=56.501805,21.002941&amp;spn=0.011274,0.029097&amp;source=embed\" onclick=\"_gaq.push(['_trackEvent', 'outbound-article', 'http:\/\/maps.google.com\/maps\/ms?ie=UTF8&amp;hl=lv&amp;msa=0&amp;msid=107153152936008501989.00047f51acd1546481f0e&amp;ll=56.501805,21.002941&amp;spn=0.011274,0.029097&amp;source=embed', 'Adventistu Liep\u0101jas draudze']);\" style=\"color: blue; text-align: left;\">Adventistu Liep\u0101jas draudze<\/a> liel\u0101k\u0101 kart\u0113<\/small><\/p>\n","protected":false},"excerpt":{"rendered":"<p>M\u016bsu adrese: Uliha iela 70, Liep\u0101ja Skat\u012bt Adventistu Liep\u0101jas draudze liel\u0101k\u0101 kart\u0113<\/p>\n","protected":false},"author":1,"featured_media":0,"parent":0,"menu_order":0,"comment_status":"open","ping_status":"open","template":"","meta":{"footnotes":""},"_links":{"self":[{"href":"http:\/\/www.liepaja.adventisti.lv\/index.php?rest_route=\/wp\/v2\/pages\/81"}],"collection":[{"href":"http:\/\/www.liepaja.adventisti.lv\/index.php?rest_route=\/wp\/v2\/pages"}],"about":[{"href":"http:\/\/www.liepaja.adventisti.lv\/index.php?rest_route=\/wp\/v2\/types\/page"}],"author":[{"embeddable":true,"href":"http:\/\/www.liepaja.adventisti.lv\/index.php?rest_route=\/wp\/v2\/users\/1"}],"replies":[{"embeddable":true,"href":"http:\/\/www.liepaja.adventisti.lv\/index.php?rest_route=%2Fwp%2Fv2%2Fcomments&post=81"}],"version-history":[{"count":2,"href":"http:\/\/www.liepaja.adventisti.lv\/index.php?rest_route=\/wp\/v2\/pages\/81\/revisions"}],"predecessor-version":[{"id":84,"href":"http:\/\/www.liepaja.adventisti.lv\/index.php?rest_route=\/wp\/v2\/pages\/81\/revisions\/84"}],"wp:attachment":[{"href":"http:\/\/www.liepaja.adventisti.lv\/index.php?rest_route=%2Fwp%2Fv2%2Fmedia&parent=81"}],"curies":[{"name":"wp","href":"https:\/\/api.w.org\/{rel}","templated":true}]}}