{"id":168,"date":"2012-02-13T00:59:12","date_gmt":"2012-02-12T22:59:12","guid":{"rendered":"http:\/\/www.liepaja.adventisti.lv\/?page_id=168"},"modified":"2018-04-23T07:59:29","modified_gmt":"2018-04-23T04:59:29","slug":"bibeles-studiju-grupas","status":"publish","type":"page","link":"https:\/\/www.liepaja.adventisti.lv\/?page_id=168","title":{"rendered":"B\u012bbeles studiju grupas"},"content":{"rendered":"<div style=\"text-align: left;\">Uzskat\u0101m, ka san\u0101kot kop\u0101 mazaj\u0101s grup\u0101s, m\u0113s varam piepild\u012bt \u0161os draudzes dz\u012bvei un att\u012bst\u012bbai tik svar\u012bgos m\u0113r\u0137us:<\/p>\n<ul>\n<li>B\u012bbeles izp\u0113te<\/li>\n<li>Sadraudz\u012bba<\/li>\n<li>Sabiedr\u012bbas aizsnieg\u0161ana (misija)<\/li>\n<li>Vispasaules\u00a0draudzes\u00a0vienot\u012bbas saj\u016bta<\/li>\n<\/ul>\n<p>Tev ir iesp\u0113ja piedal\u012bties B\u012bbeles studij\u0101s (sabatskol\u0101) katru sestdienu uzreiz p\u0113c dievkalpojuma!<\/p>\n<\/div>\n","protected":false},"excerpt":{"rendered":"<p>Uzskat\u0101m, ka san\u0101kot kop\u0101 mazaj\u0101s grup\u0101s, m\u0113s varam piepild\u012bt \u0161os draudzes dz\u012bvei un att\u012bst\u012bbai tik svar\u012bgos m\u0113r\u0137us: B\u012bbeles izp\u0113te Sadraudz\u012bba Sabiedr\u012bbas aizsnieg\u0161ana (misija) Vispasaules\u00a0draudzes\u00a0vienot\u012bbas saj\u016bta Tev ir iesp\u0113ja piedal\u012bties B\u012bbeles studij\u0101s (sabatskol\u0101) katru sestdienu uzreiz p\u0113c dievkalpojuma!<\/p>\n","protected":false},"author":1,"featured_media":0,"parent":0,"menu_order":0,"comment_status":"open","ping_status":"open","template":"","meta":{"footnotes":""},"_links":{"self":[{"href":"https:\/\/www.liepaja.adventisti.lv\/index.php?rest_route=\/wp\/v2\/pages\/168"}],"collection":[{"href":"https:\/\/www.liepaja.adventisti.lv\/index.php?rest_route=\/wp\/v2\/pages"}],"about":[{"href":"https:\/\/www.liepaja.adventisti.lv\/index.php?rest_route=\/wp\/v2\/types\/page"}],"author":[{"embeddable":true,"href":"https:\/\/www.liepaja.adventisti.lv\/index.php?rest_route=\/wp\/v2\/users\/1"}],"replies":[{"embeddable":true,"href":"https:\/\/www.liepaja.adventisti.lv\/index.php?rest_route=%2Fwp%2Fv2%2Fcomments&post=168"}],"version-history":[{"count":3,"href":"https:\/\/www.liepaja.adventisti.lv\/index.php?rest_route=\/wp\/v2\/pages\/168\/revisions"}],"predecessor-version":[{"id":1374,"href":"https:\/\/www.liepaja.adventisti.lv\/index.php?rest_route=\/wp\/v2\/pages\/168\/revisions\/1374"}],"wp:attachment":[{"href":"https:\/\/www.liepaja.adventisti.lv\/index.php?rest_route=%2Fwp%2Fv2%2Fmedia&parent=168"}],"curies":[{"name":"wp","href":"https:\/\/api.w.org\/{rel}","templated":true}]}}